{"id":6,"date":"2022-01-10T10:35:24","date_gmt":"2022-01-10T09:35:24","guid":{"rendered":"http:\/\/www.ecole-is.afis.fr\/?page_id=6"},"modified":"2022-01-28T12:16:53","modified_gmt":"2022-01-28T11:16:53","slug":"le-nouveau-e-mucem-ouvre-ses-portes-2","status":"publish","type":"page","link":"https:\/\/www.ecole-is.afis.fr\/","title":{"rendered":"\u00ab Une Ing\u00e9nierie Responsable de Syst\u00e8mes Durables \u00bb"},"content":{"rendered":"\n<div class=\"wp-block-group alignwide\"><div class=\"wp-block-group__inner-container\">\n<div class=\"wp-block-columns\">\n<div class=\"wp-block-column\" style=\"flex-basis:33.33%\">\n<figure class=\"wp-block-image size-full\"><img loading=\"lazy\" width=\"309\" height=\"125\" src=\"http:\/\/www.ecole-is.afis.fr\/wp-content\/uploads\/2022\/01\/Logo-Ecole-IS-1.jpg\" alt=\"\" class=\"wp-image-113\" srcset=\"https:\/\/www.ecole-is.afis.fr\/wp-content\/uploads\/2022\/01\/Logo-Ecole-IS-1.jpg 309w, https:\/\/www.ecole-is.afis.fr\/wp-content\/uploads\/2022\/01\/Logo-Ecole-IS-1-300x121.jpg 300w\" sizes=\"(max-width: 309px) 100vw, 309px\" \/><\/figure>\n<\/div>\n\n\n\n<div class=\"wp-block-column\" style=\"flex-basis:66.66%\">\n<p>C&#8217;est la th\u00e9matique de cette deuxi\u00e8me \u00e9dition de l&#8217;Ecole d&#8217;Ing\u00e9nierie Syst\u00e8me qui se d\u00e9roulera \u00e0 :<\/p>\n\n\n\n<p> L\u2019<a href=\"https:\/\/www.imt-mines-ales.fr\/\" target=\"_blank\" rel=\"noreferrer noopener\">IMT Mines d\u2019Al\u00e8s<\/a>, <br>7 rue jules Renard, <br>30100 Al\u00e8s.<\/p>\n<\/div>\n<\/div>\n<\/div><\/div>\n\n\n\n<p><\/p>\n","protected":false},"excerpt":{"rendered":"<p>C&#8217;est la th\u00e9matique de cette deuxi\u00e8me \u00e9dition de l&#8217;Ecole d&#8217;Ing\u00e9nierie Syst\u00e8me qui se d\u00e9roulera \u00e0 : L\u2019IMT Mines d\u2019Al\u00e8s, 7 &hellip; <\/p>\n","protected":false},"author":1,"featured_media":32,"parent":0,"menu_order":0,"comment_status":"closed","ping_status":"closed","template":"","meta":[],"_links":{"self":[{"href":"https:\/\/www.ecole-is.afis.fr\/index.php\/wp-json\/wp\/v2\/pages\/6"}],"collection":[{"href":"https:\/\/www.ecole-is.afis.fr\/index.php\/wp-json\/wp\/v2\/pages"}],"about":[{"href":"https:\/\/www.ecole-is.afis.fr\/index.php\/wp-json\/wp\/v2\/types\/page"}],"author":[{"embeddable":true,"href":"https:\/\/www.ecole-is.afis.fr\/index.php\/wp-json\/wp\/v2\/users\/1"}],"replies":[{"embeddable":true,"href":"https:\/\/www.ecole-is.afis.fr\/index.php\/wp-json\/wp\/v2\/comments?post=6"}],"version-history":[{"count":18,"href":"https:\/\/www.ecole-is.afis.fr\/index.php\/wp-json\/wp\/v2\/pages\/6\/revisions"}],"predecessor-version":[{"id":143,"href":"https:\/\/www.ecole-is.afis.fr\/index.php\/wp-json\/wp\/v2\/pages\/6\/revisions\/143"}],"wp:featuredmedia":[{"embeddable":true,"href":"https:\/\/www.ecole-is.afis.fr\/index.php\/wp-json\/wp\/v2\/media\/32"}],"wp:attachment":[{"href":"https:\/\/www.ecole-is.afis.fr\/index.php\/wp-json\/wp\/v2\/media?parent=6"}],"curies":[{"name":"wp","href":"https:\/\/api.w.org\/{rel}","templated":true}]}}